{"id":2,"date":"2016-05-10T03:48:21","date_gmt":"2016-05-10T03:48:21","guid":{"rendered":"https:\/\/www.bsarchitekten.at\/?page_id=2"},"modified":"2021-10-12T10:04:43","modified_gmt":"2021-10-12T10:04:43","slug":"sample-page","status":"publish","type":"page","link":"https:\/\/www.bsarchitekten.at\/?page_id=2","title":{"rendered":"KONTAKT"},"content":{"rendered":"\n<p><strong>Architekt Dipl.-Ing. G\u00fcnter B\u00f6sch<\/strong><\/p>\n\n\n\n<p>3400 Klosterneuburg, Albrechtstra\u00dfe 28<\/p>\n\n\n\n<p>Tel.&nbsp; +43 (0) 650 956 38 28<\/p>\n\n\n\n<p><a href=\"mailto:office@bsarchitekten.at\">office@bsarchitekten.at<\/a><\/p>\n\n\n\n<p>&nbsp;<\/p>\n\n\n\n<p>&nbsp;<\/p>\n\n\n\n<p><strong>Impressum<\/strong><\/p>\n\n\n\n<p>Medieninhaber: G\u00fcnter B\u00f6sch; Der Inhalt dieser Website ist urheberrechtlich gesch\u00fctzt. Alle Rechte sind vorbehalten. <\/p>\n","protected":false},"excerpt":{"rendered":"<p>Architekt Dipl.-Ing. G\u00fcnter B\u00f6sch 3400 Klosterneuburg, Albrechtstra\u00dfe 28 Tel.&nbsp; +43 (0) 650 956 38 28 office@bsarchitekten.at &nbsp; &nbsp; Impressum Medieninhaber: G\u00fcnter B\u00f6sch; Der Inhalt dieser Website ist urheberrechtlich gesch\u00fctzt. Alle Rechte sind vorbehalten.<\/p>\n","protected":false},"author":1,"featured_media":0,"parent":0,"menu_order":0,"comment_status":"closed","ping_status":"open","template":"","meta":[],"_links":{"self":[{"href":"https:\/\/www.bsarchitekten.at\/index.php?rest_route=\/wp\/v2\/pages\/2"}],"collection":[{"href":"https:\/\/www.bsarchitekten.at\/index.php?rest_route=\/wp\/v2\/pages"}],"about":[{"href":"https:\/\/www.bsarchitekten.at\/index.php?rest_route=\/wp\/v2\/types\/page"}],"author":[{"embeddable":true,"href":"https:\/\/www.bsarchitekten.at\/index.php?rest_route=\/wp\/v2\/users\/1"}],"replies":[{"embeddable":true,"href":"https:\/\/www.bsarchitekten.at\/index.php?rest_route=%2Fwp%2Fv2%2Fcomments&post=2"}],"version-history":[{"count":7,"href":"https:\/\/www.bsarchitekten.at\/index.php?rest_route=\/wp\/v2\/pages\/2\/revisions"}],"predecessor-version":[{"id":68,"href":"https:\/\/www.bsarchitekten.at\/index.php?rest_route=\/wp\/v2\/pages\/2\/revisions\/68"}],"wp:attachment":[{"href":"https:\/\/www.bsarchitekten.at\/index.php?rest_route=%2Fwp%2Fv2%2Fmedia&parent=2"}],"curies":[{"name":"wp","href":"https:\/\/api.w.org\/{rel}","templated":true}]}}