{"id":150,"date":"2022-01-06T15:12:44","date_gmt":"2022-01-06T15:12:44","guid":{"rendered":"https:\/\/www.bsarchitekten.at\/?page_id=150"},"modified":"2022-01-08T09:33:08","modified_gmt":"2022-01-08T09:33:08","slug":"kostenmanagment","status":"publish","type":"page","link":"https:\/\/www.bsarchitekten.at\/?page_id=150","title":{"rendered":"KOSTENMANAGEMENT"},"content":{"rendered":"\n<p>Kostenmanagement (Kostensch\u00e4tzung, Kostenberechnung, Ausschreibung und Kostenverfolgung) f\u00fcr das B\u00fcro&nbsp;<em>fasch&amp;fuchs<\/em>&nbsp;<em>architekten<\/em>&nbsp;seit 2008 (siehe https:\/\/faschundfuchs.com\/)<\/p>\n\n\n\n<p><strong>Tourismusschule Bad Hofgastein<\/strong>, Baukosten ca. 10 Mio.                                                                                      Fertigstellung 2010     <\/p>\n\n\n\n<p><strong>Schulzentrum Feldkirchen<\/strong>, BK ca. 6 Mio.                                                                                                                                                                                                        Fertigstellung  2011 <\/p>\n\n\n\n<p><strong><strong>R\u00f6ntgenordination G\u00e4nserndorf<\/strong><\/strong>, Baukosten ca. 2 Mio.                                                                                                                         Fertigstellung  2012<\/p>\n\n\n\n<p><strong>Kindergarten Wolkersdorf<\/strong>, Baukosten ca. 3 Mio.                                                                                                                                        Fertigstellung  2012   <\/p>\n\n\n\n<p><strong>Volksschule\/Mittelschule Feldkirchen<\/strong>, Baukosten ca. 8 Mio.                                                                  Fertigstellung  2014   <\/p>\n\n\n\n<p><strong><strong>Bundesschule Aspern<\/strong><\/strong>, Baukosten ca. 32 Mio.                                                       Fertigstellung  2017   <\/p>\n\n\n\n<p><strong>Campus Technik Lienz<\/strong>, Baukosten ca. 13 Mio.                                                                           Fertigstellung 2018 <\/p>\n\n\n\n<p><strong>Schulcampus Neustift<\/strong>, Baukosten ca. 25 Mio.                                                                   Fertigstellung 2019 <\/p>\n\n\n\n<p><strong>Volksschule Haselstauden<\/strong>, Baukosten ca. 11 Mio.                                                                 Fertigstellung 2020<\/p>\n\n\n\n<p><strong>Kindergarten und Volksschule Scheffau,<\/strong> Baukosten ca. 9 Mio.                                    in Bau<\/p>\n\n\n\n<p><strong>Campus Rotkreuz Lustenau,<\/strong> Baukosten ca. 32 Mio.                                                                                                            in Bau.<\/p>\n\n\n\n<p><strong>Kindergarten und Volksschule Ellb\u00f6gen,<\/strong> Baukosten ca. 8 Mio.                                                                                            in Planung<\/p>\n","protected":false},"excerpt":{"rendered":"<p>Kostenmanagement (Kostensch\u00e4tzung, Kostenberechnung, Ausschreibung und Kostenverfolgung) f\u00fcr das B\u00fcro&nbsp;fasch&amp;fuchs&nbsp;architekten&nbsp;seit 2008 (siehe https:\/\/faschundfuchs.com\/) Tourismusschule Bad Hofgastein, Baukosten ca. 10 Mio. Fertigstellung 2010 Schulzentrum Feldkirchen, BK ca. 6 Mio. Fertigstellung 2011 R\u00f6ntgenordination G\u00e4nserndorf, Baukosten ca. 2 Mio. Fertigstellung 2012 Kindergarten Wolkersdorf, Baukosten ca. 3 Mio. Fertigstellung 2012 Volksschule\/Mittelschule Feldkirchen, Baukosten ca. 8 Mio. Fertigstellung 2014 Bundesschule Aspern,&hellip; <a class=\"more-link\" href=\"https:\/\/www.bsarchitekten.at\/?page_id=150\"><span class=\"screen-reader-text\">KOSTENMANAGEMENT<\/span> weiterlesen<\/a><\/p>\n","protected":false},"author":1,"featured_media":0,"parent":0,"menu_order":0,"comment_status":"closed","ping_status":"closed","template":"","meta":[],"_links":{"self":[{"href":"https:\/\/www.bsarchitekten.at\/index.php?rest_route=\/wp\/v2\/pages\/150"}],"collection":[{"href":"https:\/\/www.bsarchitekten.at\/index.php?rest_route=\/wp\/v2\/pages"}],"about":[{"href":"https:\/\/www.bsarchitekten.at\/index.php?rest_route=\/wp\/v2\/types\/page"}],"author":[{"embeddable":true,"href":"https:\/\/www.bsarchitekten.at\/index.php?rest_route=\/wp\/v2\/users\/1"}],"replies":[{"embeddable":true,"href":"https:\/\/www.bsarchitekten.at\/index.php?rest_route=%2Fwp%2Fv2%2Fcomments&post=150"}],"version-history":[{"count":7,"href":"https:\/\/www.bsarchitekten.at\/index.php?rest_route=\/wp\/v2\/pages\/150\/revisions"}],"predecessor-version":[{"id":177,"href":"https:\/\/www.bsarchitekten.at\/index.php?rest_route=\/wp\/v2\/pages\/150\/revisions\/177"}],"wp:attachment":[{"href":"https:\/\/www.bsarchitekten.at\/index.php?rest_route=%2Fwp%2Fv2%2Fmedia&parent=150"}],"curies":[{"name":"wp","href":"https:\/\/api.w.org\/{rel}","templated":true}]}}